{"id":5096,"date":"2025-12-12T15:51:37","date_gmt":"2025-12-12T18:51:37","guid":{"rendered":"https:\/\/es.movesaudavel.com\/?page_id=5096"},"modified":"2026-04-03T19:25:13","modified_gmt":"2026-04-03T22:25:13","slug":"quem-somos","status":"publish","type":"page","link":"https:\/\/es.movesaudavel.com\/es\/quem-somos\/","title":{"rendered":"\u00bfQui\u00e9nes somos?"},"content":{"rendered":"<h3 class=\"wp-block-heading\">\u00bfQui\u00e9nes somos?<\/h3>\n\n\n\n<p>Move Healthy es un portal dedicado a promover un estilo de vida m\u00e1s equilibrado, ligero y consciente. Nuestro objetivo es compartir informaci\u00f3n fiable, pr\u00e1ctica y accesible sobre alimentaci\u00f3n saludable, recetas caseras, buena salud y h\u00e1bitos que contribuyan a una mejor calidad de vida.<\/p>\n\n\n\n<p>Creemos que cuidar la salud no tiene por qu\u00e9 ser complicado ni restrictivo. Por eso, creamos contenido dise\u00f1ado para el d\u00eda a d\u00eda, con un lenguaje claro, accesible y basado en una buena alimentaci\u00f3n y pr\u00e1cticas de autocuidado.<\/p>\n\n\n\n<p>\u00bfQu\u00e9 encontrar\u00e1s en Move Saludable?<\/p>\n\n\n\n<p>En Move Healthy encontrar\u00e1s contenido como:<\/p>\n\n\n\n<p>Recetas saludables adaptadas a diferentes estilos de vida.<\/p>\n\n\n\n<p>Consejos para una alimentaci\u00f3n equilibrada<\/p>\n\n\n\n<p>Informaci\u00f3n sobre bienestar y h\u00e1bitos saludables<\/p>\n\n\n\n<p>Pautas pr\u00e1cticas para una rutina m\u00e1s ligera<\/p>\n\n\n\n<p>Contenido informativo centrado en la calidad de vida.<\/p>\n\n\n\n<p>Todo el material se desarrolla con un enfoque en la educaci\u00f3n alimentaria y el bienestar, respetando la diversidad de opciones y necesidades individuales.<\/p>\n\n\n\n<p>Nuestro compromiso con la informaci\u00f3n<\/p>\n\n\n\n<p>Nuestro compromiso es ofrecer contenido informativo, responsable y actualizado, presentado siempre de forma clara y accesible.<\/p>\n\n\n\n<p>Es importante destacar que el contenido publicado en Move Saludable no sustituye la orientaci\u00f3n de profesionales de la salud, como m\u00e9dicos, nutricionistas u otros especialistas. La informaci\u00f3n aqu\u00ed disponible tiene un car\u00e1cter educativo e informativo.<\/p>\n\n\n\n<p>Transparencia y responsabilidad<\/p>\n\n\n\n<p>Valoramos la transparencia con nuestros lectores. Move Healthy puede utilizar herramientas de an\u00e1lisis, publicidad y monetizaci\u00f3n para el funcionamiento del sitio, respetando siempre la privacidad de los usuarios y la legislaci\u00f3n vigente.<\/p>\n\n\n\n<p>Nuestro prop\u00f3sito<\/p>\n\n\n\n<p>Creemos que los peque\u00f1os cambios pueden generar grandes resultados. Move Healthy es una iniciativa nacional que busca inspirar decisiones m\u00e1s conscientes y fomentar h\u00e1bitos que contribuyan a una vida m\u00e1s equilibrada, activa y saludable.<\/p>\n\n\n\n<p><\/p>","protected":false},"excerpt":{"rendered":"<p>Qui\u00e9nes Somos Move Saludable es un portal dedicado a la promoci\u00f3n de un estilo de vida m\u00e1s equilibrado, ligero y consciente. Nuestro objetivo es compartir informaci\u00f3n confiable, pr\u00e1ctica y accesible sobre alimentaci\u00f3n saludable, recetas caseras, bienestar y h\u00e1bitos que contribuyen a una mejor calidad de vida. Creemos que cuidar la salud no tiene que ser&hellip;&nbsp;<\/p>","protected":false},"author":1,"featured_media":0,"parent":0,"menu_order":0,"comment_status":"closed","ping_status":"closed","template":"","meta":{"neve_meta_sidebar":"","neve_meta_container":"","neve_meta_enable_content_width":"","neve_meta_content_width":0,"neve_meta_title_alignment":"","neve_meta_author_avatar":"","neve_post_elements_order":"","neve_meta_disable_header":"","neve_meta_disable_footer":"","neve_meta_disable_title":"","_themeisle_gutenberg_block_has_review":false,"footnotes":""},"class_list":["post-5096","page","type-page","status-publish","hentry"],"_links":{"self":[{"href":"https:\/\/es.movesaudavel.com\/es\/wp-json\/wp\/v2\/pages\/5096","targetHints":{"allow":["GET"]}}],"collection":[{"href":"https:\/\/es.movesaudavel.com\/es\/wp-json\/wp\/v2\/pages"}],"about":[{"href":"https:\/\/es.movesaudavel.com\/es\/wp-json\/wp\/v2\/types\/page"}],"author":[{"embeddable":true,"href":"https:\/\/es.movesaudavel.com\/es\/wp-json\/wp\/v2\/users\/1"}],"replies":[{"embeddable":true,"href":"https:\/\/es.movesaudavel.com\/es\/wp-json\/wp\/v2\/comments?post=5096"}],"version-history":[{"count":2,"href":"https:\/\/es.movesaudavel.com\/es\/wp-json\/wp\/v2\/pages\/5096\/revisions"}],"predecessor-version":[{"id":6499,"href":"https:\/\/es.movesaudavel.com\/es\/wp-json\/wp\/v2\/pages\/5096\/revisions\/6499"}],"wp:attachment":[{"href":"https:\/\/es.movesaudavel.com\/es\/wp-json\/wp\/v2\/media?parent=5096"}],"curies":[{"name":"wp","href":"https:\/\/api.w.org\/{rel}","templated":true}]}}